{"id":99,"date":"2025-05-04T21:36:44","date_gmt":"2025-05-04T21:36:44","guid":{"rendered":"https:\/\/ninovamedya.com\/?page_id=99"},"modified":"2025-05-07T18:34:08","modified_gmt":"2025-05-07T18:34:08","slug":"reklam-kampanyalari","status":"publish","type":"page","link":"https:\/\/ninovamedya.com\/tr\/reklam-kampanyalari\/","title":{"rendered":"Reklam Kampanyalar\u0131"},"content":{"rendered":"\t\t<div data-elementor-type=\"wp-page\" data-elementor-id=\"99\" class=\"elementor elementor-99\" data-elementor-post-type=\"page\">\n\t\t\t\t<div class=\"elementor-element elementor-element-c566599 e-flex e-con-boxed e-con e-parent\" data-id=\"c566599\" data-element_type=\"container\">\n\t\t\t\t\t<div class=\"e-con-inner\">\n\t\t\t\t<div class=\"elementor-element elementor-element-08745f4 elementor-widget elementor-widget-spacer\" data-id=\"08745f4\" data-element_type=\"widget\" data-widget_type=\"spacer.default\">\n\t\t\t\t<div class=\"elementor-widget-container\">\n\t\t\t\t\t\t\t<div class=\"elementor-spacer\">\n\t\t\t<div class=\"elementor-spacer-inner\"><\/div>\n\t\t<\/div>\n\t\t\t\t\t\t<\/div>\n\t\t\t\t<\/div>\n\t\t\t\t\t<\/div>\n\t\t\t\t<\/div>\n\t\t<div class=\"elementor-element elementor-element-1441b7e5 e-flex e-con-boxed e-con e-parent\" data-id=\"1441b7e5\" data-element_type=\"container\">\n\t\t\t\t\t<div class=\"e-con-inner\">\n\t\t<div class=\"elementor-element elementor-element-454e5c83 e-con-full e-flex e-con e-child\" data-id=\"454e5c83\" data-element_type=\"container\">\n\t\t<div class=\"elementor-element elementor-element-54812cd3 e-con-full e-flex e-con e-child\" data-id=\"54812cd3\" data-element_type=\"container\">\n\t\t\t\t<div class=\"elementor-element elementor-element-2c53259e elementor-widget elementor-widget-heading\" data-id=\"2c53259e\" data-element_type=\"widget\" data-widget_type=\"heading.default\">\n\t\t\t\t<div class=\"elementor-widget-container\">\n\t\t\t\t\t<h2 class=\"elementor-heading-title elementor-size-default\"><h3 data-start=\"95\" data-end=\"147\">Reklam Kampanyalar\u0131 \u2013 Do\u011fru Kitleye, Do\u011fru Mesaj<span style=\"color: inherit;font-family: inherit;font-size: 2rem\"><\/span><\/h3><\/h2>\t\t\t\t<\/div>\n\t\t\t\t<\/div>\n\t\t\t\t<\/div>\n\t\t<div class=\"elementor-element elementor-element-8bd5140 e-con-full e-flex e-con e-child\" data-id=\"8bd5140\" data-element_type=\"container\">\n\t\t\t\t<div class=\"elementor-element elementor-element-1010702f elementor-widget elementor-widget-text-editor\" data-id=\"1010702f\" data-element_type=\"widget\" data-widget_type=\"text-editor.default\">\n\t\t\t\t<div class=\"elementor-widget-container\">\n\t\t\t\t\t\t\t\t\t<p data-start=\"95\" data-end=\"147\"><strong>Ninova Medya<\/strong><span style=\"font-family: -apple-system, BlinkMacSystemFont, 'Segoe UI', Roboto, 'Helvetica Neue', Arial, 'Noto Sans', sans-serif, 'Apple Color Emoji', 'Segoe UI Emoji', 'Segoe UI Symbol', 'Noto Color Emoji'; font-size: 1rem;\"> olarak markan\u0131z\u0131n hedef kitlesine en etkili \u015fekilde ula\u015fmas\u0131 i\u00e7in stratejik reklam kampanyalar\u0131 tasarl\u0131yoruz. Sosyal medya, Google Ads ve yerel dijital mecralarda y\u00fcr\u00fctt\u00fc\u011f\u00fcm\u00fcz kampanyalarla yat\u0131r\u0131m\u0131n\u0131zdan maksimum geri d\u00f6n\u00fc\u015f alman\u0131z\u0131\u00a0<\/span><span style=\"color: inherit; font-family: -apple-system, BlinkMacSystemFont, 'Segoe UI', Roboto, 'Helvetica Neue', Arial, 'Noto Sans', sans-serif, 'Apple Color Emoji', 'Segoe UI Emoji', 'Segoe UI Symbol', 'Noto Color Emoji'; font-size: 1rem;\">sa\u011fl\u0131yoruz.<\/span><\/p><p class=\"\" data-start=\"413\" data-end=\"627\">\ud83d\udd0d <strong data-start=\"416\" data-end=\"439\">Hedef kitle analizi<\/strong><br data-start=\"439\" data-end=\"442\" \/>\ud83c\udfaf <strong data-start=\"445\" data-end=\"482\">B\u00fct\u00e7eye uygun kampanya planlamas\u0131<\/strong><br data-start=\"482\" data-end=\"485\" \/>\ud83d\udcc8 <strong data-start=\"488\" data-end=\"532\">A\/B testleriyle performans optimizasyonu<\/strong><br data-start=\"532\" data-end=\"535\" \/>\ud83d\udcca <strong data-start=\"538\" data-end=\"569\">Detayl\u0131 raporlama ve analiz<\/strong><br data-start=\"569\" data-end=\"572\" \/>\ud83d\udcf1 <strong data-start=\"575\" data-end=\"627\">Instagram, Facebook, TikTok ve Google reklamlar\u0131<\/strong><\/p><p class=\"\" data-start=\"629\" data-end=\"728\">Her kampanya, sizin i\u00e7in \u00f6zel olarak tasarlan\u0131r. \u00c7\u00fcnk\u00fc her marka e\u015fsizdir; ba\u015far\u0131s\u0131 da \u00f6yle olmal\u0131.<\/p><p class=\"\" data-start=\"730\" data-end=\"829\">Markan\u0131z\u0131 g\u00f6r\u00fcn\u00fcr k\u0131lmak, etkile\u015fimi art\u0131rmak ve sat\u0131\u015fa d\u00f6n\u00fc\u015ft\u00fcrmek istiyorsan\u0131z, do\u011fru yerdesiniz.<\/p><p class=\"\" data-start=\"831\" data-end=\"895\"><strong data-start=\"831\" data-end=\"895\">Ninova Medya ile reklam b\u00fct\u00e7eniz bo\u015fa gitmez; hedefe ula\u015f\u0131r.<\/strong><\/p>\t\t\t\t\t\t\t\t<\/div>\n\t\t\t\t<\/div>\n\t\t\t\t<\/div>\n\t\t\t\t<\/div>\n\t\t\t\t<div class=\"elementor-element elementor-element-192a62c9 elementor-widget elementor-widget-image\" data-id=\"192a62c9\" data-element_type=\"widget\" data-widget_type=\"image.default\">\n\t\t\t\t<div class=\"elementor-widget-container\">\n\t\t\t\t\t\t\t\t\t\t\t\t\t\t\t<img fetchpriority=\"high\" decoding=\"async\" width=\"800\" height=\"800\" src=\"https:\/\/ninovamedya.com\/wp-content\/uploads\/2025\/05\/ChatGPT-Image-7-May-2025-21_33_04.png\" class=\"attachment-large size-large wp-image-820\" alt=\"\" srcset=\"https:\/\/ninovamedya.com\/wp-content\/uploads\/2025\/05\/ChatGPT-Image-7-May-2025-21_33_04.png 1024w, https:\/\/ninovamedya.com\/wp-content\/uploads\/2025\/05\/ChatGPT-Image-7-May-2025-21_33_04-300x300.png 300w, https:\/\/ninovamedya.com\/wp-content\/uploads\/2025\/05\/ChatGPT-Image-7-May-2025-21_33_04-150x150.png 150w\" sizes=\"(max-width: 800px) 100vw, 800px\" \/>\t\t\t\t\t\t\t\t\t\t\t\t\t\t\t<\/div>\n\t\t\t\t<\/div>\n\t\t\t\t\t<\/div>\n\t\t\t\t<\/div>\n\t\t\t\t<\/div>\n\t\t","protected":false},"excerpt":{"rendered":"<p>Reklam Kampanyalar\u0131 \u2013 Do\u011fru Kitleye, Do\u011fru Mesaj Ninova Medya olarak markan\u0131z\u0131n hedef kitlesine en etkili \u015fekilde ula\u015fmas\u0131 i\u00e7in stratejik reklam kampanyalar\u0131 tasarl\u0131yoruz. Sosyal medya, Google Ads ve yerel dijital mecralarda y\u00fcr\u00fctt\u00fc\u011f\u00fcm\u00fcz kampanyalarla yat\u0131r\u0131m\u0131n\u0131zdan maksimum geri d\u00f6n\u00fc\u015f alman\u0131z\u0131\u00a0sa\u011fl\u0131yoruz. \ud83d\udd0d Hedef kitle analizi\ud83c\udfaf B\u00fct\u00e7eye uygun kampanya planlamas\u0131\ud83d\udcc8 A\/B testleriyle performans optimizasyonu\ud83d\udcca Detayl\u0131 raporlama ve analiz\ud83d\udcf1 Instagram, Facebook, [&hellip;]<\/p>\n","protected":false},"author":1,"featured_media":0,"parent":0,"menu_order":0,"comment_status":"closed","ping_status":"closed","template":"elementor_header_footer","meta":{"footnotes":""},"class_list":["post-99","page","type-page","status-publish","hentry"],"_links":{"self":[{"href":"https:\/\/ninovamedya.com\/tr\/wp-json\/wp\/v2\/pages\/99","targetHints":{"allow":["GET"]}}],"collection":[{"href":"https:\/\/ninovamedya.com\/tr\/wp-json\/wp\/v2\/pages"}],"about":[{"href":"https:\/\/ninovamedya.com\/tr\/wp-json\/wp\/v2\/types\/page"}],"author":[{"embeddable":true,"href":"https:\/\/ninovamedya.com\/tr\/wp-json\/wp\/v2\/users\/1"}],"replies":[{"embeddable":true,"href":"https:\/\/ninovamedya.com\/tr\/wp-json\/wp\/v2\/comments?post=99"}],"version-history":[{"count":17,"href":"https:\/\/ninovamedya.com\/tr\/wp-json\/wp\/v2\/pages\/99\/revisions"}],"predecessor-version":[{"id":827,"href":"https:\/\/ninovamedya.com\/tr\/wp-json\/wp\/v2\/pages\/99\/revisions\/827"}],"wp:attachment":[{"href":"https:\/\/ninovamedya.com\/tr\/wp-json\/wp\/v2\/media?parent=99"}],"curies":[{"name":"wp","href":"https:\/\/api.w.org\/{rel}","templated":true}]}}