{"id":95,"date":"2025-05-04T21:35:57","date_gmt":"2025-05-04T21:35:57","guid":{"rendered":"https:\/\/ninovamedya.com\/?page_id=95"},"modified":"2025-07-27T16:14:52","modified_gmt":"2025-07-27T16:14:52","slug":"web-tasarimi","status":"publish","type":"page","link":"https:\/\/ninovamedya.com\/tr\/web-tasarimi\/","title":{"rendered":"Web Tasar\u0131m\u0131"},"content":{"rendered":"\t\t<div data-elementor-type=\"wp-page\" data-elementor-id=\"95\" class=\"elementor elementor-95\" data-elementor-post-type=\"page\">\n\t\t\t\t<div class=\"elementor-element elementor-element-1e37121 e-flex e-con-boxed e-con e-parent\" data-id=\"1e37121\" data-element_type=\"container\">\n\t\t\t\t\t<div class=\"e-con-inner\">\n\t\t\t\t<div class=\"elementor-element elementor-element-c040a4f elementor-widget elementor-widget-heading\" data-id=\"c040a4f\" data-element_type=\"widget\" data-settings=\"{&quot;_animation&quot;:&quot;none&quot;}\" data-widget_type=\"heading.default\">\n\t\t\t\t<div class=\"elementor-widget-container\">\n\t\t\t\t\t<h1 class=\"elementor-heading-title elementor-size-default\">Tasarlad\u0131\u011f\u0131m\u0131z Web Siteleri<\/h1>\t\t\t\t<\/div>\n\t\t\t\t<\/div>\n\t\t<div class=\"elementor-element elementor-element-6a371c8c e-con-full e-flex e-con e-child\" data-id=\"6a371c8c\" data-element_type=\"container\" data-settings=\"{&quot;animation&quot;:&quot;none&quot;}\">\n\t\t<div class=\"elementor-element elementor-element-18297980 e-con-full e-flex e-con e-child\" data-id=\"18297980\" data-element_type=\"container\" data-settings=\"{&quot;background_background&quot;:&quot;classic&quot;}\">\n\t\t\t\t<\/div>\n\t\t<div class=\"elementor-element elementor-element-9ca7a70 e-con-full e-flex e-con e-child\" data-id=\"9ca7a70\" data-element_type=\"container\">\n\t\t\t\t<div class=\"elementor-element elementor-element-522daf7d text-left elementor-widget elementor-widget-tp-heading-title\" data-id=\"522daf7d\" data-element_type=\"widget\" data-widget_type=\"tp-heading-title.default\">\n\t\t\t\t<div class=\"elementor-widget-container\">\n\t\t\t\t\t<div class=\"heading heading_style heading_style69e4e882c81df style-2 \" ><div class=\"sub-style\" ><div class=\"sub-heading\"><h3 class=\"heading-sub-title  \"> DLG Call Center <\/h3><\/div><div class=\"head-title \" > <h2  class=\"heading-title   \"  data-hover=\"\u00c7ok Uluslu Call Center \u015eirketi\">\u00c7ok Uluslu Call Center \u015eirketi<\/h2><\/div><\/div><\/div>\t\t\t\t<\/div>\n\t\t\t\t<\/div>\n\t\t\t\t<div class=\"elementor-element elementor-element-fdbed79 elementor-widget__width-initial elementor-widget-tablet__width-initial elementor-widget-mobile__width-initial elementor-widget elementor-widget-text-editor\" data-id=\"fdbed79\" data-element_type=\"widget\" data-widget_type=\"text-editor.default\">\n\t\t\t\t<div class=\"elementor-widget-container\">\n\t\t\t\t\t\t\t\t\t<p>DLG Call Center, m\u00fc\u015fteri deneyimini \u00f6n planda tutan, \u00e7ok dilli \u00e7a\u011fr\u0131 merkezi hizmetleri sunan profesyonel bir kurulu\u015ftur. \u015eirketler i\u00e7in sat\u0131\u015f, destek, anket ve bilgilendirme gibi alanlarda etkili ileti\u015fim \u00e7\u00f6z\u00fcmleri geli\u015ftirerek marka de\u011ferini art\u0131rmay\u0131 hedefler.<\/p>\t\t\t\t\t\t\t\t<\/div>\n\t\t\t\t<\/div>\n\t\t\t\t<div class=\"elementor-element elementor-element-36215a3d elementor-widget elementor-widget-tp-button\" data-id=\"36215a3d\" data-element_type=\"widget\" data-widget_type=\"tp-button.default\">\n\t\t\t\t<div class=\"elementor-widget-container\">\n\t\t\t\t\t<div class=\"pt-plus-button-wrapper   text-left \"><div class=\"button_parallax \"><div id=\"button69e4e882c9b58\"  class=\" text-left ts-button content_hover_effect  \" ><div class=\"pt_plus_button btn69e4e882c9b57 button-style-1   \"  ><div class=\"animted-content-inner \"><a href=\"http:\/\/dlgcallcenter.com\" target=\"_blank\" class=\"button-link-wrap \" role=\"button\" data-hover=\"www.dlgcallcenter.com\"  >www.dlgcallcenter.com<i class=\"btn-icon button-after fa fa-play\"><\/i><div class=\"button_line\"><\/div><\/a><\/div><\/div><\/div><\/div><\/div>\t\t\t\t<\/div>\n\t\t\t\t<\/div>\n\t\t\t\t<\/div>\n\t\t\t\t<\/div>\n\t\t<div class=\"elementor-element elementor-element-3fbc058 e-con-full e-flex e-con e-child\" data-id=\"3fbc058\" data-element_type=\"container\" data-settings=\"{&quot;animation&quot;:&quot;none&quot;}\">\n\t\t<div class=\"elementor-element elementor-element-c3d151a e-con-full e-flex e-con e-child\" data-id=\"c3d151a\" data-element_type=\"container\" data-settings=\"{&quot;background_background&quot;:&quot;classic&quot;}\">\n\t\t\t\t<\/div>\n\t\t<div class=\"elementor-element elementor-element-60743d3 e-con-full e-flex e-con e-child\" data-id=\"60743d3\" data-element_type=\"container\">\n\t\t\t\t<div class=\"elementor-element elementor-element-dd128b3 text-left elementor-widget elementor-widget-tp-heading-title\" data-id=\"dd128b3\" data-element_type=\"widget\" data-widget_type=\"tp-heading-title.default\">\n\t\t\t\t<div class=\"elementor-widget-container\">\n\t\t\t\t\t<div class=\"heading heading_style heading_style69e4e882c9e26 style-2 \" ><div class=\"sub-style\" ><div class=\"sub-heading\"><h3 class=\"heading-sub-title  \"> Mavna <\/h3><\/div><div class=\"head-title \" > <h2  class=\"heading-title   \"  data-hover=\"Kanada - Ticaret \u015eirketi\">Kanada - Ticaret \u015eirketi<\/h2><\/div><\/div><\/div>\t\t\t\t<\/div>\n\t\t\t\t<\/div>\n\t\t\t\t<div class=\"elementor-element elementor-element-1783913 elementor-widget__width-initial elementor-widget-tablet__width-initial elementor-widget-mobile__width-initial elementor-widget elementor-widget-text-editor\" data-id=\"1783913\" data-element_type=\"widget\" data-widget_type=\"text-editor.default\">\n\t\t\t\t<div class=\"elementor-widget-container\">\n\t\t\t\t\t\t\t\t\t<p>Mavna Kanada&#8217;da faliyet g\u00f6steren, ithal \u00fcr\u00fcnler tedarik eden bir \u015firkettir. Kanada&#8217;n\u0131n \u00f6nde gelen tedarik \u015firketlerinden olan Mavna ile i\u015fbirli\u011fimiz sonucunda tasarlad\u0131\u011f\u0131m\u0131z web site projesi i\u00e7in t\u0131klay\u0131n.<\/p>\t\t\t\t\t\t\t\t<\/div>\n\t\t\t\t<\/div>\n\t\t\t\t<div class=\"elementor-element elementor-element-f2c2c67 elementor-widget elementor-widget-tp-button\" data-id=\"f2c2c67\" data-element_type=\"widget\" data-widget_type=\"tp-button.default\">\n\t\t\t\t<div class=\"elementor-widget-container\">\n\t\t\t\t\t<div class=\"pt-plus-button-wrapper   text-left \"><div class=\"button_parallax \"><div id=\"button69e4e882dccc2\"  class=\" text-left ts-button content_hover_effect  \" ><div class=\"pt_plus_button btn69e4e882dccc0 button-style-1   \"  ><div class=\"animted-content-inner \"><a href=\"http:\/\/mavna.ca\" target=\"_blank\" class=\"button-link-wrap \" role=\"button\" data-hover=\"www.mavna.ca\"  >www.mavna.ca<i class=\"btn-icon button-after fa fa-play\"><\/i><div class=\"button_line\"><\/div><\/a><\/div><\/div><\/div><\/div><\/div>\t\t\t\t<\/div>\n\t\t\t\t<\/div>\n\t\t\t\t<\/div>\n\t\t\t\t<\/div>\n\t\t<div class=\"elementor-element elementor-element-443c0c5 e-con-full e-flex e-con e-child\" data-id=\"443c0c5\" data-element_type=\"container\" data-settings=\"{&quot;animation&quot;:&quot;none&quot;}\">\n\t\t<div class=\"elementor-element elementor-element-11f5372 e-con-full e-flex e-con e-child\" data-id=\"11f5372\" data-element_type=\"container\" data-settings=\"{&quot;background_background&quot;:&quot;classic&quot;}\">\n\t\t\t\t<\/div>\n\t\t<div class=\"elementor-element elementor-element-e379376 e-con-full e-flex e-con e-child\" data-id=\"e379376\" data-element_type=\"container\">\n\t\t\t\t<div class=\"elementor-element elementor-element-a5016aa text-left elementor-widget elementor-widget-tp-heading-title\" data-id=\"a5016aa\" data-element_type=\"widget\" data-widget_type=\"tp-heading-title.default\">\n\t\t\t\t<div class=\"elementor-widget-container\">\n\t\t\t\t\t<div class=\"heading heading_style heading_style69e4e882dd0f9 style-2 \" ><div class=\"sub-style\" ><div class=\"sub-heading\"><h3 class=\"heading-sub-title  \"> Bestavo <\/h3><\/div><div class=\"head-title \" > <h2  class=\"heading-title   \"  data-hover=\"Tar\u0131m \u015eirketi\">Tar\u0131m \u015eirketi<\/h2><\/div><\/div><\/div>\t\t\t\t<\/div>\n\t\t\t\t<\/div>\n\t\t\t\t<div class=\"elementor-element elementor-element-d0c2d32 elementor-widget__width-initial elementor-widget-tablet__width-initial elementor-widget-mobile__width-initial elementor-widget elementor-widget-text-editor\" data-id=\"d0c2d32\" data-element_type=\"widget\" data-widget_type=\"text-editor.default\">\n\t\t\t\t<div class=\"elementor-widget-container\">\n\t\t\t\t\t\t\t\t\t<p>Adana&#8217;n\u0131n bereketli topraklar\u0131n\u0131n \u00fcr\u00fcnlerini t\u00fcm T\u00fcrkiye ile bulu\u015fturan Bestavo Tar\u0131m. Avokado, Lime ve Kumkuat gibi tropikal meyve \u00fcretimi\u00a0 yapan Bestavo Tar\u0131m \u015firketinin web sitesi projesi i\u00e7in t\u0131klay\u0131n.<\/p>\t\t\t\t\t\t\t\t<\/div>\n\t\t\t\t<\/div>\n\t\t\t\t<div class=\"elementor-element elementor-element-29ea32b elementor-widget elementor-widget-tp-button\" data-id=\"29ea32b\" data-element_type=\"widget\" data-widget_type=\"tp-button.default\">\n\t\t\t\t<div class=\"elementor-widget-container\">\n\t\t\t\t\t<div class=\"pt-plus-button-wrapper   text-left \"><div class=\"button_parallax \"><div id=\"button69e4e882dd909\"  class=\" text-left ts-button content_hover_effect  \" ><div class=\"pt_plus_button btn69e4e882dd908 button-style-1   \"  ><div class=\"animted-content-inner \"><a href=\"http:\/\/www.bestavo.com.tr\" target=\"_blank\" class=\"button-link-wrap \" role=\"button\" data-hover=\"www.bestavo.com.tr\"  >www.bestavo.com.tr<i class=\"btn-icon button-after fa fa-play\"><\/i><div class=\"button_line\"><\/div><\/a><\/div><\/div><\/div><\/div><\/div>\t\t\t\t<\/div>\n\t\t\t\t<\/div>\n\t\t\t\t<\/div>\n\t\t\t\t<\/div>\n\t\t<div class=\"elementor-element elementor-element-33a4a3a e-flex e-con-boxed e-con e-child\" data-id=\"33a4a3a\" data-element_type=\"container\" data-settings=\"{&quot;animation&quot;:&quot;none&quot;}\">\n\t\t\t\t\t<div class=\"e-con-inner\">\n\t\t<div class=\"elementor-element elementor-element-b991f6f e-con-full e-flex e-con e-child\" data-id=\"b991f6f\" data-element_type=\"container\" data-settings=\"{&quot;background_background&quot;:&quot;classic&quot;}\">\n\t\t\t\t<\/div>\n\t\t<div class=\"elementor-element elementor-element-3e28016 e-con-full e-flex e-con e-child\" data-id=\"3e28016\" data-element_type=\"container\">\n\t\t\t\t<div class=\"elementor-element elementor-element-ad09845 text-left elementor-widget elementor-widget-tp-heading-title\" data-id=\"ad09845\" data-element_type=\"widget\" data-widget_type=\"tp-heading-title.default\">\n\t\t\t\t<div class=\"elementor-widget-container\">\n\t\t\t\t\t<div class=\"heading heading_style heading_style69e4e882ddcf4 style-2 \" ><div class=\"sub-style\" ><div class=\"sub-heading\"><h3 class=\"heading-sub-title  \"> Sistem Safety <\/h3><\/div><div class=\"head-title \" > <h2  class=\"heading-title   \"  data-hover=\"\u0130\u015f G\u00fcvenli\u011fi \u015eirketi\">\u0130\u015f G\u00fcvenli\u011fi \u015eirketi<\/h2><\/div><\/div><\/div>\t\t\t\t<\/div>\n\t\t\t\t<\/div>\n\t\t\t\t<div class=\"elementor-element elementor-element-c54f7ca elementor-widget__width-initial elementor-widget-tablet__width-initial elementor-widget-mobile__width-initial elementor-widget elementor-widget-text-editor\" data-id=\"c54f7ca\" data-element_type=\"widget\" data-widget_type=\"text-editor.default\">\n\t\t\t\t<div class=\"elementor-widget-container\">\n\t\t\t\t\t\t\t\t\t<p>Sistem Safety \u0130\u015f G\u00fcvenli\u011fi \u00dcr\u00fcnleri satan bir \u015firkettir. T\u00fcrkiye&#8217;nin her yerine sat\u0131\u015f ger\u00e7ekle\u015ftiren Sistem Safety&#8217;nin E-Katalog sitesi taraf\u0131m\u0131zca yap\u0131lm\u0131\u015ft\u0131r.<\/p>\t\t\t\t\t\t\t\t<\/div>\n\t\t\t\t<\/div>\n\t\t\t\t<div class=\"elementor-element elementor-element-bcb959a elementor-widget elementor-widget-tp-button\" data-id=\"bcb959a\" data-element_type=\"widget\" data-widget_type=\"tp-button.default\">\n\t\t\t\t<div class=\"elementor-widget-container\">\n\t\t\t\t\t<div class=\"pt-plus-button-wrapper   text-left \"><div class=\"button_parallax \"><div id=\"button69e4e882de526\"  class=\" text-left ts-button content_hover_effect  \" ><div class=\"pt_plus_button btn69e4e882de525 button-style-1   \"  ><div class=\"animted-content-inner \"><a href=\"http:\/\/www.sistemsafety.com\" target=\"_blank\" class=\"button-link-wrap \" role=\"button\" data-hover=\"www.sistemsafety.com\"  >www.sistemsafety.com<i class=\"btn-icon button-after fa fa-play\"><\/i><div class=\"button_line\"><\/div><\/a><\/div><\/div><\/div><\/div><\/div>\t\t\t\t<\/div>\n\t\t\t\t<\/div>\n\t\t\t\t<\/div>\n\t\t\t\t\t<\/div>\n\t\t\t\t<\/div>\n\t\t<div class=\"elementor-element elementor-element-9fdd63c e-flex e-con-boxed e-con e-child\" data-id=\"9fdd63c\" data-element_type=\"container\" data-settings=\"{&quot;animation&quot;:&quot;none&quot;}\">\n\t\t\t\t\t<div class=\"e-con-inner\">\n\t\t<div class=\"elementor-element elementor-element-417bd4c e-con-full e-flex e-con e-child\" data-id=\"417bd4c\" data-element_type=\"container\" data-settings=\"{&quot;background_background&quot;:&quot;classic&quot;}\">\n\t\t\t\t<\/div>\n\t\t<div class=\"elementor-element elementor-element-48a2f52 e-con-full e-flex e-con e-child\" data-id=\"48a2f52\" data-element_type=\"container\">\n\t\t\t\t<div class=\"elementor-element elementor-element-287eac4 text-left elementor-widget elementor-widget-tp-heading-title\" data-id=\"287eac4\" data-element_type=\"widget\" data-widget_type=\"tp-heading-title.default\">\n\t\t\t\t<div class=\"elementor-widget-container\">\n\t\t\t\t\t<div class=\"heading heading_style heading_style69e4e882de900 style-2 \" ><div class=\"sub-style\" ><div class=\"sub-heading\"><h3 class=\"heading-sub-title  \"> Dr.Hasan Pusak <\/h3><\/div><div class=\"head-title \" > <h2  class=\"heading-title   \"  data-hover=\"Sa\u011fl\u0131k Blog&#039;u\">Sa\u011fl\u0131k Blog'u<\/h2><\/div><\/div><\/div>\t\t\t\t<\/div>\n\t\t\t\t<\/div>\n\t\t\t\t<div class=\"elementor-element elementor-element-559ada6 elementor-widget__width-initial elementor-widget-tablet__width-initial elementor-widget-mobile__width-initial elementor-widget elementor-widget-text-editor\" data-id=\"559ada6\" data-element_type=\"widget\" data-widget_type=\"text-editor.default\">\n\t\t\t\t<div class=\"elementor-widget-container\">\n\t\t\t\t\t\t\t\t\t<p>Uzman Fizik Tedavi ve Rehabilitasyon doktoru Hasan Pusak&#8217;a yapt\u0131\u011f\u0131m\u0131z sa\u011fl\u0131k blog&#8217;u sitemiz. Kullan\u0131c\u0131 panelden kolayca yaz\u0131lar\u0131n\u0131 ekleyebilmektedir.<\/p>\t\t\t\t\t\t\t\t<\/div>\n\t\t\t\t<\/div>\n\t\t\t\t<div class=\"elementor-element elementor-element-76099a1 elementor-widget elementor-widget-tp-button\" data-id=\"76099a1\" data-element_type=\"widget\" data-widget_type=\"tp-button.default\">\n\t\t\t\t<div class=\"elementor-widget-container\">\n\t\t\t\t\t<div class=\"pt-plus-button-wrapper   text-left \"><div class=\"button_parallax \"><div id=\"button69e4e882dee65\"  class=\" text-left ts-button content_hover_effect  \" ><div class=\"pt_plus_button btn69e4e882dee64 button-style-1   \"  ><div class=\"animted-content-inner \"><a href=\"http:\/\/www.drhasanpusak.com\" target=\"_blank\" class=\"button-link-wrap \" role=\"button\" data-hover=\"www.drhasanpusak.com\"  >www.drhasanpusak.com<i class=\"btn-icon button-after fa fa-arrow-right\"><\/i><div class=\"button_line\"><\/div><\/a><\/div><\/div><\/div><\/div><\/div>\t\t\t\t<\/div>\n\t\t\t\t<\/div>\n\t\t\t\t<\/div>\n\t\t\t\t\t<\/div>\n\t\t\t\t<\/div>\n\t\t<div class=\"elementor-element elementor-element-a583e90 elementor-hidden-desktop elementor-hidden-tablet elementor-hidden-mobile e-flex e-con-boxed e-con e-child\" data-id=\"a583e90\" data-element_type=\"container\" data-settings=\"{&quot;animation&quot;:&quot;none&quot;}\">\n\t\t\t\t\t<div class=\"e-con-inner\">\n\t\t<div class=\"elementor-element elementor-element-f46a304 e-con-full e-flex e-con e-child\" data-id=\"f46a304\" data-element_type=\"container\" data-settings=\"{&quot;background_background&quot;:&quot;classic&quot;}\">\n\t\t\t\t<\/div>\n\t\t<div class=\"elementor-element elementor-element-defcc71 e-con-full e-flex e-con e-child\" data-id=\"defcc71\" data-element_type=\"container\">\n\t\t\t\t<div class=\"elementor-element elementor-element-ff5aada text-left elementor-widget elementor-widget-tp-heading-title\" data-id=\"ff5aada\" data-element_type=\"widget\" data-widget_type=\"tp-heading-title.default\">\n\t\t\t\t<div class=\"elementor-widget-container\">\n\t\t\t\t\t<div class=\"heading heading_style heading_style69e4e882df0a6 style-2 \" ><div class=\"sub-style\" ><div class=\"sub-heading\"><h3 class=\"heading-sub-title  \"> WEBSITE <\/h3><\/div><div class=\"head-title \" > <h2  class=\"heading-title   \"  data-hover=\"Clarity Counsel Psychology \">Clarity Counsel Psychology <\/h2><\/div><\/div><\/div>\t\t\t\t<\/div>\n\t\t\t\t<\/div>\n\t\t\t\t<div class=\"elementor-element elementor-element-75d700a elementor-widget__width-initial elementor-widget-tablet__width-initial elementor-widget-mobile__width-initial elementor-widget elementor-widget-text-editor\" data-id=\"75d700a\" data-element_type=\"widget\" data-widget_type=\"text-editor.default\">\n\t\t\t\t<div class=\"elementor-widget-container\">\n\t\t\t\t\t\t\t\t\tAt Clarity Counsel Psychology, we that each individual&#8217;s experience is unique.\nOur team of dedicated psychologists\nand therapists provide a safe and space where clients can openly share their\t\t\t\t\t\t\t\t<\/div>\n\t\t\t\t<\/div>\n\t\t\t\t<div class=\"elementor-element elementor-element-088d6b0 elementor-widget elementor-widget-tp-button\" data-id=\"088d6b0\" data-element_type=\"widget\" data-widget_type=\"tp-button.default\">\n\t\t\t\t<div class=\"elementor-widget-container\">\n\t\t\t\t\t<div class=\"pt-plus-button-wrapper   text-left \"><div class=\"button_parallax \"><div id=\"button69e4e882df52b\"  class=\" text-left ts-button content_hover_effect  \" ><div class=\"pt_plus_button btn69e4e882df52a button-style-1   \"  ><div class=\"animted-content-inner \"><a href=\"#\" class=\"button-link-wrap \" role=\"button\" data-hover=\"Read More\"  >Read More<i class=\"btn-icon button-after fa fa-arrow-right\"><\/i><div class=\"button_line\"><\/div><\/a><\/div><\/div><\/div><\/div><\/div>\t\t\t\t<\/div>\n\t\t\t\t<\/div>\n\t\t\t\t<\/div>\n\t\t\t\t\t<\/div>\n\t\t\t\t<\/div>\n\t\t<div class=\"elementor-element elementor-element-e70ac13 elementor-hidden-desktop elementor-hidden-tablet elementor-hidden-mobile e-flex e-con-boxed e-con e-child\" data-id=\"e70ac13\" data-element_type=\"container\" data-settings=\"{&quot;animation&quot;:&quot;none&quot;}\">\n\t\t\t\t\t<div class=\"e-con-inner\">\n\t\t<div class=\"elementor-element elementor-element-fddc602 e-con-full e-flex e-con e-child\" data-id=\"fddc602\" data-element_type=\"container\" data-settings=\"{&quot;background_background&quot;:&quot;classic&quot;}\">\n\t\t\t\t<\/div>\n\t\t<div class=\"elementor-element elementor-element-50d3589 e-con-full e-flex e-con e-child\" data-id=\"50d3589\" data-element_type=\"container\">\n\t\t\t\t<div class=\"elementor-element elementor-element-cd3904c text-left elementor-widget elementor-widget-tp-heading-title\" data-id=\"cd3904c\" data-element_type=\"widget\" data-widget_type=\"tp-heading-title.default\">\n\t\t\t\t<div class=\"elementor-widget-container\">\n\t\t\t\t\t<div class=\"heading heading_style heading_style69e4e882df761 style-2 \" ><div class=\"sub-style\" ><div class=\"sub-heading\"><h3 class=\"heading-sub-title  \"> ANIMATION <\/h3><\/div><div class=\"head-title \" > <h2  class=\"heading-title   \"  data-hover=\"Byte Boutique\">Byte Boutique<\/h2><\/div><\/div><\/div>\t\t\t\t<\/div>\n\t\t\t\t<\/div>\n\t\t\t\t<div class=\"elementor-element elementor-element-c54dc8b elementor-widget__width-initial elementor-widget-tablet__width-initial elementor-widget-mobile__width-initial elementor-widget elementor-widget-text-editor\" data-id=\"c54dc8b\" data-element_type=\"widget\" data-widget_type=\"text-editor.default\">\n\t\t\t\t<div class=\"elementor-widget-container\">\n\t\t\t\t\t\t\t\t\tAt Byte Boutique, we believe that every child is a natural-born creator. Our programs are designed to ignite their imaginations and provide the tools they need to turn their ideas into digital\t\t\t\t\t\t\t\t<\/div>\n\t\t\t\t<\/div>\n\t\t\t\t<div class=\"elementor-element elementor-element-9cf1df2 elementor-widget elementor-widget-tp-button\" data-id=\"9cf1df2\" data-element_type=\"widget\" data-widget_type=\"tp-button.default\">\n\t\t\t\t<div class=\"elementor-widget-container\">\n\t\t\t\t\t<div class=\"pt-plus-button-wrapper   text-left \"><div class=\"button_parallax \"><div id=\"button69e4e882dfbcd\"  class=\" text-left ts-button content_hover_effect  \" ><div class=\"pt_plus_button btn69e4e882dfbcc button-style-1   \"  ><div class=\"animted-content-inner \"><a href=\"#\" class=\"button-link-wrap \" role=\"button\" data-hover=\"Read More\"  >Read More<i class=\"btn-icon button-after fa fa-arrow-right\"><\/i><div class=\"button_line\"><\/div><\/a><\/div><\/div><\/div><\/div><\/div>\t\t\t\t<\/div>\n\t\t\t\t<\/div>\n\t\t\t\t<\/div>\n\t\t\t\t\t<\/div>\n\t\t\t\t<\/div>\n\t\t\t\t<div class=\"elementor-element elementor-element-8f2dd5a elementor-hidden-desktop elementor-hidden-tablet elementor-hidden-mobile elementor-widget elementor-widget-tp-button\" data-id=\"8f2dd5a\" data-element_type=\"widget\" data-settings=\"{&quot;_animation&quot;:&quot;none&quot;}\" data-widget_type=\"tp-button.default\">\n\t\t\t\t<div class=\"elementor-widget-container\">\n\t\t\t\t\t<div class=\"pt-plus-button-wrapper   text-center \"><div class=\"button_parallax \"><div id=\"button69e4e882dfe4f\"  class=\" text-center ts-button content_hover_effect  \" ><div class=\"pt_plus_button btn69e4e882dfe4e button-style-10   \"  ><div class=\"animted-content-inner \"><a href=\"#\" class=\"button-link-wrap \" role=\"button\" data-hover=\"Load More\"  >Load More<i class=\"btn-icon button-after fa fa-arrow-right\"><\/i><\/a><\/div><\/div><\/div><\/div><\/div>\t\t\t\t<\/div>\n\t\t\t\t<\/div>\n\t\t\t\t\t<\/div>\n\t\t\t\t<\/div>\n\t\t\t\t<\/div>\n\t\t","protected":false},"excerpt":{"rendered":"<p>Tasarlad\u0131\u011f\u0131m\u0131z Web Siteleri DLG Call Center \u00c7ok Uluslu Call Center \u015eirketi DLG Call Center, m\u00fc\u015fteri deneyimini \u00f6n planda tutan, \u00e7ok dilli \u00e7a\u011fr\u0131 merkezi hizmetleri sunan profesyonel bir kurulu\u015ftur. \u015eirketler i\u00e7in sat\u0131\u015f, destek, anket ve bilgilendirme gibi alanlarda etkili ileti\u015fim \u00e7\u00f6z\u00fcmleri geli\u015ftirerek marka de\u011ferini art\u0131rmay\u0131 hedefler. www.dlgcallcenter.com Mavna Kanada &#8211; Ticaret \u015eirketi Mavna Kanada&#8217;da faliyet g\u00f6steren, [&hellip;]<\/p>\n","protected":false},"author":1,"featured_media":0,"parent":0,"menu_order":0,"comment_status":"closed","ping_status":"closed","template":"elementor_header_footer","meta":{"footnotes":""},"class_list":["post-95","page","type-page","status-publish","hentry"],"_links":{"self":[{"href":"https:\/\/ninovamedya.com\/tr\/wp-json\/wp\/v2\/pages\/95","targetHints":{"allow":["GET"]}}],"collection":[{"href":"https:\/\/ninovamedya.com\/tr\/wp-json\/wp\/v2\/pages"}],"about":[{"href":"https:\/\/ninovamedya.com\/tr\/wp-json\/wp\/v2\/types\/page"}],"author":[{"embeddable":true,"href":"https:\/\/ninovamedya.com\/tr\/wp-json\/wp\/v2\/users\/1"}],"replies":[{"embeddable":true,"href":"https:\/\/ninovamedya.com\/tr\/wp-json\/wp\/v2\/comments?post=95"}],"version-history":[{"count":53,"href":"https:\/\/ninovamedya.com\/tr\/wp-json\/wp\/v2\/pages\/95\/revisions"}],"predecessor-version":[{"id":1084,"href":"https:\/\/ninovamedya.com\/tr\/wp-json\/wp\/v2\/pages\/95\/revisions\/1084"}],"wp:attachment":[{"href":"https:\/\/ninovamedya.com\/tr\/wp-json\/wp\/v2\/media?parent=95"}],"curies":[{"name":"wp","href":"https:\/\/api.w.org\/{rel}","templated":true}]}}