{"id":93,"date":"2025-05-04T21:35:43","date_gmt":"2025-05-04T21:35:43","guid":{"rendered":"https:\/\/ninovamedya.com\/?page_id=93"},"modified":"2025-05-07T18:26:49","modified_gmt":"2025-05-07T18:26:49","slug":"sosyal-medya-yonetimi","status":"publish","type":"page","link":"https:\/\/ninovamedya.com\/tr\/sosyal-medya-yonetimi\/","title":{"rendered":"Sosyal Medya Y\u00f6netimi"},"content":{"rendered":"\t\t<div data-elementor-type=\"wp-page\" data-elementor-id=\"93\" class=\"elementor elementor-93\" data-elementor-post-type=\"page\">\n\t\t\t\t<div class=\"elementor-element elementor-element-fc5065f e-flex e-con-boxed e-con e-parent\" data-id=\"fc5065f\" data-element_type=\"container\">\n\t\t\t\t\t<div class=\"e-con-inner\">\n\t\t\t\t<div class=\"elementor-element elementor-element-f277874 elementor-widget elementor-widget-spacer\" data-id=\"f277874\" data-element_type=\"widget\" data-widget_type=\"spacer.default\">\n\t\t\t\t<div class=\"elementor-widget-container\">\n\t\t\t\t\t\t\t<div class=\"elementor-spacer\">\n\t\t\t<div class=\"elementor-spacer-inner\"><\/div>\n\t\t<\/div>\n\t\t\t\t\t\t<\/div>\n\t\t\t\t<\/div>\n\t\t\t\t\t<\/div>\n\t\t\t\t<\/div>\n\t\t<div class=\"elementor-element elementor-element-96fefa7 e-flex e-con-boxed e-con e-parent\" data-id=\"96fefa7\" data-element_type=\"container\">\n\t\t\t\t\t<div class=\"e-con-inner\">\n\t\t<div class=\"elementor-element elementor-element-00e25d8 e-con-full e-flex e-con e-child\" data-id=\"00e25d8\" data-element_type=\"container\">\n\t\t<div class=\"elementor-element elementor-element-267c5ce e-con-full e-flex e-con e-child\" data-id=\"267c5ce\" data-element_type=\"container\">\n\t\t\t\t<div class=\"elementor-element elementor-element-4e7dcf9 elementor-widget elementor-widget-heading\" data-id=\"4e7dcf9\" data-element_type=\"widget\" data-widget_type=\"heading.default\">\n\t\t\t\t<div class=\"elementor-widget-container\">\n\t\t\t\t\t<h2 class=\"elementor-heading-title elementor-size-default\">Sosyal Medya Y\u00f6netimi \u2013 Ninova Medya ile Dijitalde G\u00fc\u00e7 Kazan\u0131n<\/h2>\t\t\t\t<\/div>\n\t\t\t\t<\/div>\n\t\t\t\t<\/div>\n\t\t<div class=\"elementor-element elementor-element-ccb47dd e-con-full e-flex e-con e-child\" data-id=\"ccb47dd\" data-element_type=\"container\">\n\t\t\t\t<div class=\"elementor-element elementor-element-881530d elementor-widget elementor-widget-text-editor\" data-id=\"881530d\" data-element_type=\"widget\" data-widget_type=\"text-editor.default\">\n\t\t\t\t<div class=\"elementor-widget-container\">\n\t\t\t\t\t\t\t\t\t<p class=\"\" data-start=\"215\" data-end=\"475\"><strong data-start=\"215\" data-end=\"231\">Ninova Medya<\/strong>, markan\u0131z\u0131 dijital d\u00fcnyada parlatmak i\u00e7in sosyal medyan\u0131n t\u00fcm g\u00fcc\u00fcn\u00fc arkan\u0131za al\u0131r. Okullar, hastaneler, psikologlar ve dan\u0131\u015fmanl\u0131k merkezleri gibi kurumsal yap\u0131lara \u00f6zel \u00e7\u00f6z\u00fcmlerimizle, dijital vitrinizi profesyonel bir alg\u0131ya kavu\u015fturuyoruz.<\/p><p class=\"\" data-start=\"477\" data-end=\"700\">Instagram, Facebook, LinkedIn ve TikTok gibi platformlarda sadece payla\u015f\u0131m yapmakla kalm\u0131yor; hedef kitlenize hitap eden, stratejik i\u00e7erikler \u00fcretiyor, reklam kampanyalar\u0131n\u0131z\u0131 optimize ediyor ve g\u00f6r\u00fcn\u00fcrl\u00fc\u011f\u00fcn\u00fcz\u00fc art\u0131r\u0131yoruz.<\/p><p class=\"\" data-start=\"702\" data-end=\"938\">\u2714\ufe0f <strong data-start=\"705\" data-end=\"742\">Marka kimli\u011finize uygun i\u00e7erikler<\/strong><br data-start=\"742\" data-end=\"745\" \/>\u2714\ufe0f <strong data-start=\"748\" data-end=\"787\">Ayl\u0131k i\u00e7erik planlar\u0131 ve tasar\u0131mlar<\/strong><br data-start=\"787\" data-end=\"790\" \/>\u2714\ufe0f <strong data-start=\"793\" data-end=\"836\">Reklam y\u00f6netimi ve performans raporlar\u0131<\/strong><br data-start=\"836\" data-end=\"839\" \/>\u2714\ufe0f <strong data-start=\"842\" data-end=\"893\">\u0130nteraktif hikayeler, reels ve video i\u00e7erikleri<\/strong><br data-start=\"893\" data-end=\"896\" \/>\u2714\ufe0f <strong data-start=\"899\" data-end=\"938\">Takip\u00e7i etkile\u015fimi ve hesap analizi<\/strong><\/p><p class=\"\" data-start=\"940\" data-end=\"1133\">Kurumunuza \u00f6zel bir dil, \u00f6zg\u00fcn bir tasar\u0131m ve hedef odakl\u0131 bir stratejiyle \u00e7al\u0131\u015f\u0131yoruz. \u00c7\u00fcnk\u00fc dijital d\u00fcnyada fark edilmek i\u00e7in sadece var olmak yetmez, <strong data-start=\"1093\" data-end=\"1133\">do\u011fru stratejiyle var olmak gerekir.<\/strong><\/p><p>\u00a0<\/p><p class=\"\" data-start=\"1135\" data-end=\"1274\">Sosyal medyada g\u00fcc\u00fcn\u00fcz\u00fc art\u0131rmak istiyorsan\u0131z, Ninova Medya ile tan\u0131\u015f\u0131n.<br data-start=\"1207\" data-end=\"1210\" \/><strong data-start=\"1210\" data-end=\"1274\">\u00c7\u00fcnk\u00fc biz, dijitalde hik\u00e2yenizi anlatman\u0131n en do\u011fru yoluyuz.<\/strong><\/p>\t\t\t\t\t\t\t\t<\/div>\n\t\t\t\t<\/div>\n\t\t\t\t<\/div>\n\t\t\t\t<\/div>\n\t\t\t\t<div class=\"elementor-element elementor-element-e95a455 elementor-widget elementor-widget-image\" data-id=\"e95a455\" data-element_type=\"widget\" data-widget_type=\"image.default\">\n\t\t\t\t<div class=\"elementor-widget-container\">\n\t\t\t\t\t\t\t\t\t\t\t\t\t\t\t<img fetchpriority=\"high\" decoding=\"async\" width=\"800\" height=\"800\" src=\"https:\/\/ninovamedya.com\/wp-content\/uploads\/2025\/05\/ChatGPT-Image-7-May-2025-21_22_06.png\" class=\"attachment-large size-large wp-image-801\" alt=\"\" srcset=\"https:\/\/ninovamedya.com\/wp-content\/uploads\/2025\/05\/ChatGPT-Image-7-May-2025-21_22_06.png 1024w, https:\/\/ninovamedya.com\/wp-content\/uploads\/2025\/05\/ChatGPT-Image-7-May-2025-21_22_06-300x300.png 300w, https:\/\/ninovamedya.com\/wp-content\/uploads\/2025\/05\/ChatGPT-Image-7-May-2025-21_22_06-150x150.png 150w\" sizes=\"(max-width: 800px) 100vw, 800px\" \/>\t\t\t\t\t\t\t\t\t\t\t\t\t\t\t<\/div>\n\t\t\t\t<\/div>\n\t\t\t\t\t<\/div>\n\t\t\t\t<\/div>\n\t\t\t\t<\/div>\n\t\t","protected":false},"excerpt":{"rendered":"<p>Sosyal Medya Y\u00f6netimi \u2013 Ninova Medya ile Dijitalde G\u00fc\u00e7 Kazan\u0131n Ninova Medya, markan\u0131z\u0131 dijital d\u00fcnyada parlatmak i\u00e7in sosyal medyan\u0131n t\u00fcm g\u00fcc\u00fcn\u00fc arkan\u0131za al\u0131r. Okullar, hastaneler, psikologlar ve dan\u0131\u015fmanl\u0131k merkezleri gibi kurumsal yap\u0131lara \u00f6zel \u00e7\u00f6z\u00fcmlerimizle, dijital vitrinizi profesyonel bir alg\u0131ya kavu\u015fturuyoruz. Instagram, Facebook, LinkedIn ve TikTok gibi platformlarda sadece payla\u015f\u0131m yapmakla kalm\u0131yor; hedef kitlenize hitap eden, [&hellip;]<\/p>\n","protected":false},"author":1,"featured_media":0,"parent":0,"menu_order":0,"comment_status":"closed","ping_status":"closed","template":"elementor_header_footer","meta":{"footnotes":""},"class_list":["post-93","page","type-page","status-publish","hentry"],"_links":{"self":[{"href":"https:\/\/ninovamedya.com\/tr\/wp-json\/wp\/v2\/pages\/93","targetHints":{"allow":["GET"]}}],"collection":[{"href":"https:\/\/ninovamedya.com\/tr\/wp-json\/wp\/v2\/pages"}],"about":[{"href":"https:\/\/ninovamedya.com\/tr\/wp-json\/wp\/v2\/types\/page"}],"author":[{"embeddable":true,"href":"https:\/\/ninovamedya.com\/tr\/wp-json\/wp\/v2\/users\/1"}],"replies":[{"embeddable":true,"href":"https:\/\/ninovamedya.com\/tr\/wp-json\/wp\/v2\/comments?post=93"}],"version-history":[{"count":10,"href":"https:\/\/ninovamedya.com\/tr\/wp-json\/wp\/v2\/pages\/93\/revisions"}],"predecessor-version":[{"id":804,"href":"https:\/\/ninovamedya.com\/tr\/wp-json\/wp\/v2\/pages\/93\/revisions\/804"}],"wp:attachment":[{"href":"https:\/\/ninovamedya.com\/tr\/wp-json\/wp\/v2\/media?parent=93"}],"curies":[{"name":"wp","href":"https:\/\/api.w.org\/{rel}","templated":true}]}}