{"id":158,"date":"2025-05-05T07:24:04","date_gmt":"2025-05-05T07:24:04","guid":{"rendered":"https:\/\/ninovamedya.com\/?page_id=158"},"modified":"2025-05-23T10:17:04","modified_gmt":"2025-05-23T10:17:04","slug":"hakkimizda","status":"publish","type":"page","link":"https:\/\/ninovamedya.com\/tr\/hakkimizda\/","title":{"rendered":"Hakk\u0131m\u0131zda"},"content":{"rendered":"\t\t<div data-elementor-type=\"wp-page\" data-elementor-id=\"158\" class=\"elementor elementor-158\" data-elementor-post-type=\"page\">\n\t\t\t\t<div class=\"elementor-element elementor-element-619c33a e-flex e-con-boxed e-con e-parent\" data-id=\"619c33a\" data-element_type=\"container\">\n\t\t\t\t\t<div class=\"e-con-inner\">\n\t\t<div class=\"elementor-element elementor-element-a9f5a08 e-con-full e-flex e-con e-child\" data-id=\"a9f5a08\" data-element_type=\"container\">\n\t\t\t\t<div class=\"elementor-element elementor-element-9163f0b elementor-invisible elementor-widget elementor-widget-image\" data-id=\"9163f0b\" data-element_type=\"widget\" data-settings=\"{&quot;_animation&quot;:&quot;fadeInLeft&quot;,&quot;motion_fx_motion_fx_mouse&quot;:&quot;yes&quot;,&quot;motion_fx_tilt_effect&quot;:&quot;yes&quot;,&quot;motion_fx_tilt_direction&quot;:&quot;negative&quot;,&quot;motion_fx_tilt_speed&quot;:{&quot;unit&quot;:&quot;px&quot;,&quot;size&quot;:4.6,&quot;sizes&quot;:[]}}\" data-widget_type=\"image.default\">\n\t\t\t\t<div class=\"elementor-widget-container\">\n\t\t\t\t\t\t\t\t\t\t\t\t\t\t\t<img fetchpriority=\"high\" decoding=\"async\" width=\"683\" height=\"1024\" src=\"https:\/\/ninovamedya.com\/wp-content\/uploads\/2025\/05\/ChatGPT-Image-5-May-2025-23_01_50-683x1024.png\" class=\"attachment-large size-large wp-image-391\" alt=\"\" srcset=\"https:\/\/ninovamedya.com\/wp-content\/uploads\/2025\/05\/ChatGPT-Image-5-May-2025-23_01_50-683x1024.png 683w, https:\/\/ninovamedya.com\/wp-content\/uploads\/2025\/05\/ChatGPT-Image-5-May-2025-23_01_50-600x900.png 600w, https:\/\/ninovamedya.com\/wp-content\/uploads\/2025\/05\/ChatGPT-Image-5-May-2025-23_01_50-200x300.png 200w, https:\/\/ninovamedya.com\/wp-content\/uploads\/2025\/05\/ChatGPT-Image-5-May-2025-23_01_50-768x1152.png 768w, https:\/\/ninovamedya.com\/wp-content\/uploads\/2025\/05\/ChatGPT-Image-5-May-2025-23_01_50.png 1024w\" sizes=\"(max-width: 683px) 100vw, 683px\" \/>\t\t\t\t\t\t\t\t\t\t\t\t\t\t\t<\/div>\n\t\t\t\t<\/div>\n\t\t\t\t<\/div>\n\t\t<div class=\"elementor-element elementor-element-39e2fbe e-con-full e-flex e-con e-child\" data-id=\"39e2fbe\" data-element_type=\"container\">\n\t\t\t\t<div class=\"elementor-element elementor-element-ee6f55e elementor-invisible elementor-widget elementor-widget-heading\" data-id=\"ee6f55e\" data-element_type=\"widget\" data-settings=\"{&quot;_animation&quot;:&quot;fadeInDown&quot;}\" data-widget_type=\"heading.default\">\n\t\t\t\t<div class=\"elementor-widget-container\">\n\t\t\t\t\t<h2 class=\"elementor-heading-title elementor-size-default\">Biz Kimiz?<\/h2>\t\t\t\t<\/div>\n\t\t\t\t<\/div>\n\t\t\t\t<div class=\"elementor-element elementor-element-06dd806 elementor-invisible elementor-widget elementor-widget-text-editor\" data-id=\"06dd806\" data-element_type=\"widget\" data-settings=\"{&quot;_animation&quot;:&quot;fadeInRight&quot;}\" data-widget_type=\"text-editor.default\">\n\t\t\t\t<div class=\"elementor-widget-container\">\n\t\t\t\t\t\t\t\t\t<p class=\"\" data-start=\"124\" data-end=\"430\"><strong data-start=\"124\" data-end=\"140\">Ninova Medya<\/strong>, ileti\u015fimin k\u00f6klerine inen, \u00e7a\u011f\u0131n teknolojisiyle gelece\u011fi in\u015fa eden bir yarat\u0131c\u0131 medya ajans\u0131d\u0131r. Ad\u0131n\u0131, Mezopotamya\u2019n\u0131n bilgelik ve sanatla an\u0131lan kadim kenti <em data-start=\"301\" data-end=\"313\">Ninova\u2019dan<\/em> al\u0131r. Bu isim, yaln\u0131zca bir co\u011frafyan\u0131n de\u011fil; bir vizyonun, bir miras\u0131n ve insanl\u0131\u011f\u0131n ortak haf\u0131zas\u0131n\u0131n sembol\u00fcd\u00fcr.<\/p><p class=\"\" data-start=\"432\" data-end=\"655\">Biz, <strong data-start=\"437\" data-end=\"459\">hik\u00e2yelerin g\u00fcc\u00fcne<\/strong> inan\u0131r\u0131z. Her markan\u0131n, her kurumun, her giri\u015fimin anlatacak \u00f6zg\u00fcn bir hik\u00e2yesi oldu\u011funa ve bu hik\u00e2yelerin do\u011fru \u015fekilde sunuldu\u011funda <em data-start=\"594\" data-end=\"626\">b\u00fcy\u00fck etkiler yaratabilece\u011fine<\/em>&#8230;<br data-start=\"629\" data-end=\"632\" \/>Bu inan\u00e7la yola \u00e7\u0131kt\u0131k.<\/p><p class=\"\" data-start=\"657\" data-end=\"938\"><strong data-start=\"657\" data-end=\"673\">Ninova Medya<\/strong> olarak;<br data-start=\"681\" data-end=\"684\" \/>Markan\u0131z\u0131n dijital d\u00fcnyadaki t\u00fcm ihtiya\u00e7lar\u0131n\u0131 tek \u00e7at\u0131 alt\u0131nda kar\u015f\u0131lamak i\u00e7in \u00e7al\u0131\u015f\u0131r\u0131z.\u00a0<\/p><h4 data-start=\"940\" data-end=\"960\">Neler Yap\u0131yoruz?<\/h4><ul><li><strong data-start=\"965\" data-end=\"990\">Sosyal Medya Y\u00f6netimi<\/strong> \u2013 Stratejik i\u00e7erik planlamas\u0131, yarat\u0131c\u0131 tasar\u0131mlar ve s\u00fcrd\u00fcr\u00fclebilir b\u00fcy\u00fcme.<\/li><li><strong data-start=\"1073\" data-end=\"1094\">Video Prod\u00fcksiyon<\/strong> \u2013 Kurumsal tan\u0131t\u0131mlar, k\u0131sa format i\u00e7erikler, YouTube projeleri ve daha fazlas\u0131.<\/li><li><strong data-start=\"1181\" data-end=\"1204\">Reklam Kampanyalar\u0131<\/strong> \u2013 Google Ads, Instagram, TikTok ve t\u00fcm dijital mecralarda hedef odakl\u0131 reklam planlamas\u0131.<\/li><li><strong data-start=\"1300\" data-end=\"1321\">Web Site Tasar\u0131m\u0131<\/strong> \u2013 Modern, kullan\u0131c\u0131 dostu, g\u00fcvenilir ve h\u0131zl\u0131 web \u00e7\u00f6z\u00fcmleri.<\/li><li><strong data-start=\"1388\" data-end=\"1415\">E-ticaret Site Kurulumu<\/strong> \u2013 WooCommerce, Shopify ve \u00f6zel sistemlerde profesyonel ma\u011faza yap\u0131m\u0131.<\/li><li><strong data-start=\"1491\" data-end=\"1514\">Dijital Dan\u0131\u015fmanl\u0131k<\/strong> \u2013 Markan\u0131z\u0131n dijital yolculu\u011funda rehberlik ve stratejik destek.<\/li><\/ul>\t\t\t\t\t\t\t\t<\/div>\n\t\t\t\t<\/div>\n\t\t\t\t<\/div>\n\t\t\t\t\t<\/div>\n\t\t\t\t<\/div>\n\t\t\t\t<\/div>\n\t\t","protected":false},"excerpt":{"rendered":"<p>Biz Kimiz? Ninova Medya, ileti\u015fimin k\u00f6klerine inen, \u00e7a\u011f\u0131n teknolojisiyle gelece\u011fi in\u015fa eden bir yarat\u0131c\u0131 medya ajans\u0131d\u0131r. Ad\u0131n\u0131, Mezopotamya\u2019n\u0131n bilgelik ve sanatla an\u0131lan kadim kenti Ninova\u2019dan al\u0131r. Bu isim, yaln\u0131zca bir co\u011frafyan\u0131n de\u011fil; bir vizyonun, bir miras\u0131n ve insanl\u0131\u011f\u0131n ortak haf\u0131zas\u0131n\u0131n sembol\u00fcd\u00fcr. Biz, hik\u00e2yelerin g\u00fcc\u00fcne inan\u0131r\u0131z. Her markan\u0131n, her kurumun, her giri\u015fimin anlatacak \u00f6zg\u00fcn bir hik\u00e2yesi [&hellip;]<\/p>\n","protected":false},"author":1,"featured_media":0,"parent":0,"menu_order":0,"comment_status":"closed","ping_status":"closed","template":"elementor_header_footer","meta":{"footnotes":""},"class_list":["post-158","page","type-page","status-publish","hentry"],"_links":{"self":[{"href":"https:\/\/ninovamedya.com\/tr\/wp-json\/wp\/v2\/pages\/158","targetHints":{"allow":["GET"]}}],"collection":[{"href":"https:\/\/ninovamedya.com\/tr\/wp-json\/wp\/v2\/pages"}],"about":[{"href":"https:\/\/ninovamedya.com\/tr\/wp-json\/wp\/v2\/types\/page"}],"author":[{"embeddable":true,"href":"https:\/\/ninovamedya.com\/tr\/wp-json\/wp\/v2\/users\/1"}],"replies":[{"embeddable":true,"href":"https:\/\/ninovamedya.com\/tr\/wp-json\/wp\/v2\/comments?post=158"}],"version-history":[{"count":31,"href":"https:\/\/ninovamedya.com\/tr\/wp-json\/wp\/v2\/pages\/158\/revisions"}],"predecessor-version":[{"id":1001,"href":"https:\/\/ninovamedya.com\/tr\/wp-json\/wp\/v2\/pages\/158\/revisions\/1001"}],"wp:attachment":[{"href":"https:\/\/ninovamedya.com\/tr\/wp-json\/wp\/v2\/media?parent=158"}],"curies":[{"name":"wp","href":"https:\/\/api.w.org\/{rel}","templated":true}]}}