{"id":99,"date":"2025-05-04T21:36:44","date_gmt":"2025-05-04T21:36:44","guid":{"rendered":"https:\/\/ninovamedya.com\/?page_id=99"},"modified":"2025-05-07T18:34:08","modified_gmt":"2025-05-07T18:34:08","slug":"reklam-kampanyalari","status":"publish","type":"page","link":"http:\/\/ninovamedya.com\/en\/reklam-kampanyalari\/","title":{"rendered":"Advertising Campaigns"},"content":{"rendered":"<div data-elementor-type=\"wp-page\" data-elementor-id=\"99\" class=\"elementor elementor-99\" data-elementor-post-type=\"page\">\n\t\t\t\t<div class=\"elementor-element elementor-element-c566599 e-flex e-con-boxed e-con e-parent\" data-id=\"c566599\" data-element_type=\"container\">\n\t\t\t\t\t<div class=\"e-con-inner\">\n\t\t\t\t<div class=\"elementor-element elementor-element-08745f4 elementor-widget elementor-widget-spacer\" data-id=\"08745f4\" data-element_type=\"widget\" data-widget_type=\"spacer.default\">\n\t\t\t\t<div class=\"elementor-widget-container\">\n\t\t\t\t\t\t\t<div class=\"elementor-spacer\">\n\t\t\t<div class=\"elementor-spacer-inner\"><\/div>\n\t\t<\/div>\n\t\t\t\t\t\t<\/div>\n\t\t\t\t<\/div>\n\t\t\t\t\t<\/div>\n\t\t\t\t<\/div>\n\t\t<div class=\"elementor-element elementor-element-1441b7e5 e-flex e-con-boxed e-con e-parent\" data-id=\"1441b7e5\" data-element_type=\"container\">\n\t\t\t\t\t<div class=\"e-con-inner\">\n\t\t<div class=\"elementor-element elementor-element-454e5c83 e-con-full e-flex e-con e-child\" data-id=\"454e5c83\" data-element_type=\"container\">\n\t\t<div class=\"elementor-element elementor-element-54812cd3 e-con-full e-flex e-con e-child\" data-id=\"54812cd3\" data-element_type=\"container\">\n\t\t\t\t<div class=\"elementor-element elementor-element-2c53259e elementor-widget elementor-widget-heading\" data-id=\"2c53259e\" data-element_type=\"widget\" data-widget_type=\"heading.default\">\n\t\t\t\t<div class=\"elementor-widget-container\">\n\t\t\t\t\t<h2 class=\"elementor-heading-title elementor-size-default\"><h3 data-start=\"95\" data-end=\"147\">Ad Campaigns \u2013the Medium Is the Message<span style=\"color: inherit;font-family: inherit;font-size: 2rem\"><\/span><\/h3><\/h2>\t\t\t\t<\/div>\n\t\t\t\t<\/div>\n\t\t\t\t<\/div>\n\t\t<div class=\"elementor-element elementor-element-8bd5140 e-con-full e-flex e-con e-child\" data-id=\"8bd5140\" data-element_type=\"container\">\n\t\t\t\t<div class=\"elementor-element elementor-element-1010702f elementor-widget elementor-widget-text-editor\" data-id=\"1010702f\" data-element_type=\"widget\" data-widget_type=\"text-editor.default\">\n\t\t\t\t<div class=\"elementor-widget-container\">\n\t\t\t\t\t\t\t\t\t<p data-start=\"95\" data-end=\"147\" class=\"translation-block\"><strong>Ninova Media<\/strong>\n<span style=\"font-family: -apple-system, BlinkMacSystemFont, 'Segoe UI', Roboto, 'Helvetica Neue', Arial, 'Noto Sans', sans-serif, 'Apple Color Emoji', 'Segoe UI Emoji', 'Segoe UI Symbol', 'Noto Color Emoji';font-size: 1rem\">\ndesigns strategic advertising campaigns to help your brand reach its target audience in the most effective way possible.\nThrough campaigns run on social media, Google Ads, and local digital platforms, we ensure maximum return on your investment.\n<\/span><\/p><p class=\"translation-block\" data-start=\"413\" data-end=\"627\"><ul style=\"padding-left: 0\">\n  <li>\ud83d\udd0d <strong>Target Audience Analysis<\/strong><\/li>\n  <li>\ud83c\udfaf <strong>Budget-Friendly Campaign Planning<\/strong><\/li>\n  <li>\ud83d\udcc8 <strong>A\/B Testing for Performance Optimization<\/strong><\/li>\n  <li>\ud83d\udcca <strong>Detailed Reporting and Analytics<\/strong><\/li>\n  <li>\ud83d\udcf1 <strong>Instagram, Facebook, TikTok &amp; Google Ads<\/strong><\/li>\n<\/ul><\/p><p class=\"\" data-start=\"629\" data-end=\"728\">Every campaign is custom-designed just for you. Because every brand is unique \u2014 and its success should be too.<\/p><p class=\"\" data-start=\"730\" data-end=\"829\">If you're looking to increase visibility, boost engagement, and drive sales \u2014 you're in the right place.<\/p><p class=\"\" data-start=\"831\" data-end=\"895\"><strong data-start=\"831\" data-end=\"895\">Your advertising budget is never wasted with Ninova Media \u2014 it delivers results.<\/strong><\/p>\t\t\t\t\t\t\t\t<\/div>\n\t\t\t\t<\/div>\n\t\t\t\t<\/div>\n\t\t\t\t<\/div>\n\t\t\t\t<div class=\"elementor-element elementor-element-192a62c9 elementor-widget elementor-widget-image\" data-id=\"192a62c9\" data-element_type=\"widget\" data-widget_type=\"image.default\">\n\t\t\t\t<div class=\"elementor-widget-container\">\n\t\t\t\t\t\t\t\t\t\t\t\t\t\t\t<img fetchpriority=\"high\" decoding=\"async\" width=\"800\" height=\"800\" src=\"https:\/\/ninovamedya.com\/wp-content\/uploads\/2025\/05\/ChatGPT-Image-7-May-2025-21_33_04.png\" class=\"attachment-large size-large wp-image-820\" alt=\"\" srcset=\"https:\/\/ninovamedya.com\/wp-content\/uploads\/2025\/05\/ChatGPT-Image-7-May-2025-21_33_04.png 1024w, https:\/\/ninovamedya.com\/wp-content\/uploads\/2025\/05\/ChatGPT-Image-7-May-2025-21_33_04-300x300.png 300w, https:\/\/ninovamedya.com\/wp-content\/uploads\/2025\/05\/ChatGPT-Image-7-May-2025-21_33_04-150x150.png 150w\" sizes=\"(max-width: 800px) 100vw, 800px\" \/>\t\t\t\t\t\t\t\t\t\t\t\t\t\t\t<\/div>\n\t\t\t\t<\/div>\n\t\t\t\t\t<\/div>\n\t\t\t\t<\/div>\n\t\t\t\t<\/div>","protected":false},"excerpt":{"rendered":"<p>Reklam Kampanyalar\u0131 \u2013 Do\u011fru Kitleye, Do\u011fru Mesaj Ninova Medya olarak markan\u0131z\u0131n hedef kitlesine en etkili \u015fekilde ula\u015fmas\u0131 i\u00e7in stratejik reklam kampanyalar\u0131 tasarl\u0131yoruz. Sosyal medya, Google Ads ve yerel dijital mecralarda y\u00fcr\u00fctt\u00fc\u011f\u00fcm\u00fcz kampanyalarla yat\u0131r\u0131m\u0131n\u0131zdan maksimum geri d\u00f6n\u00fc\u015f alman\u0131z\u0131\u00a0sa\u011fl\u0131yoruz. \ud83d\udd0d Hedef kitle analizi\ud83c\udfaf B\u00fct\u00e7eye uygun kampanya planlamas\u0131\ud83d\udcc8 A\/B testleriyle performans optimizasyonu\ud83d\udcca Detayl\u0131 raporlama ve analiz\ud83d\udcf1 Instagram, Facebook, [&hellip;]<\/p>","protected":false},"author":1,"featured_media":0,"parent":0,"menu_order":0,"comment_status":"closed","ping_status":"closed","template":"elementor_header_footer","meta":{"footnotes":""},"class_list":["post-99","page","type-page","status-publish","hentry"],"_links":{"self":[{"href":"http:\/\/ninovamedya.com\/en\/wp-json\/wp\/v2\/pages\/99","targetHints":{"allow":["GET"]}}],"collection":[{"href":"http:\/\/ninovamedya.com\/en\/wp-json\/wp\/v2\/pages"}],"about":[{"href":"http:\/\/ninovamedya.com\/en\/wp-json\/wp\/v2\/types\/page"}],"author":[{"embeddable":true,"href":"http:\/\/ninovamedya.com\/en\/wp-json\/wp\/v2\/users\/1"}],"replies":[{"embeddable":true,"href":"http:\/\/ninovamedya.com\/en\/wp-json\/wp\/v2\/comments?post=99"}],"version-history":[{"count":17,"href":"http:\/\/ninovamedya.com\/en\/wp-json\/wp\/v2\/pages\/99\/revisions"}],"predecessor-version":[{"id":827,"href":"http:\/\/ninovamedya.com\/en\/wp-json\/wp\/v2\/pages\/99\/revisions\/827"}],"wp:attachment":[{"href":"http:\/\/ninovamedya.com\/en\/wp-json\/wp\/v2\/media?parent=99"}],"curies":[{"name":"wp","href":"https:\/\/api.w.org\/{rel}","templated":true}]}}