{"id":97,"date":"2025-05-04T21:36:21","date_gmt":"2025-05-04T21:36:21","guid":{"rendered":"https:\/\/ninovamedya.com\/?page_id=97"},"modified":"2025-05-07T18:41:19","modified_gmt":"2025-05-07T18:41:19","slug":"video-produksiyon","status":"publish","type":"page","link":"http:\/\/ninovamedya.com\/en\/video-produksiyon\/","title":{"rendered":"Video Production"},"content":{"rendered":"<div data-elementor-type=\"wp-page\" data-elementor-id=\"97\" class=\"elementor elementor-97\" data-elementor-post-type=\"page\">\n\t\t\t\t<div class=\"elementor-element elementor-element-d0565ee e-flex e-con-boxed e-con e-parent\" data-id=\"d0565ee\" data-element_type=\"container\">\n\t\t\t\t\t<div class=\"e-con-inner\">\n\t\t\t\t<div class=\"elementor-element elementor-element-16d315a elementor-widget elementor-widget-spacer\" data-id=\"16d315a\" data-element_type=\"widget\" data-widget_type=\"spacer.default\">\n\t\t\t\t<div class=\"elementor-widget-container\">\n\t\t\t\t\t\t\t<div class=\"elementor-spacer\">\n\t\t\t<div class=\"elementor-spacer-inner\"><\/div>\n\t\t<\/div>\n\t\t\t\t\t\t<\/div>\n\t\t\t\t<\/div>\n\t\t\t\t\t<\/div>\n\t\t\t\t<\/div>\n\t\t<div class=\"elementor-element elementor-element-2475a2de e-flex e-con-boxed e-con e-parent\" data-id=\"2475a2de\" data-element_type=\"container\">\n\t\t\t\t\t<div class=\"e-con-inner\">\n\t\t<div class=\"elementor-element elementor-element-6c4487cb e-con-full e-flex e-con e-child\" data-id=\"6c4487cb\" data-element_type=\"container\">\n\t\t<div class=\"elementor-element elementor-element-307205ce e-con-full e-flex e-con e-child\" data-id=\"307205ce\" data-element_type=\"container\">\n\t\t\t\t<div class=\"elementor-element elementor-element-77fe6431 elementor-widget elementor-widget-heading\" data-id=\"77fe6431\" data-element_type=\"widget\" data-widget_type=\"heading.default\">\n\t\t\t\t<div class=\"elementor-widget-container\">\n\t\t\t\t\t<h2 class=\"elementor-heading-title elementor-size-default\">Video Production \u2013 Visualize Your Brand Story<\/h2>\t\t\t\t<\/div>\n\t\t\t\t<\/div>\n\t\t\t\t<\/div>\n\t\t<div class=\"elementor-element elementor-element-679ed514 e-con-full e-flex e-con e-child\" data-id=\"679ed514\" data-element_type=\"container\">\n\t\t\t\t<div class=\"elementor-element elementor-element-1ffa9c18 elementor-widget elementor-widget-text-editor\" data-id=\"1ffa9c18\" data-element_type=\"widget\" data-widget_type=\"text-editor.default\">\n\t\t\t\t<div class=\"elementor-widget-container\">\n\t\t\t\t\t\t\t\t\t<p class=\"translation-block\" data-start=\"151\" data-end=\"424\"><strong>Ninova Media<\/strong> offers creative video production services to help brands tell their stories in the most impactful way.\nFrom corporate promos to social media videos, from commercials to engaging reels, we approach every project with a professional touch.<\/p><p class=\"translation-block\" data-start=\"426\" data-end=\"679\"><ul style=\"padding-left: 0\">\n  <li>\ud83c\udfac <strong>Editing, Filming &amp; Post-Production Services<\/strong><\/li>\n  <li>\ud83d\udccd <strong>Location and Script Planning<\/strong><\/li>\n  <li>\ud83d\udcf1 <strong>Vertical Videos for Instagram, TikTok &amp; YouTube<\/strong><\/li>\n  <li>\ud83d\udca1 <strong>Creative Concept Development &amp; Storyboarding<\/strong><\/li>\n  <li>\ud83c\udfa4 <strong>Voiceovers, Subtitles &amp; Sound Effects<\/strong><\/li>\n<\/ul><\/p><p class=\"translation-block\" data-start=\"681\" data-end=\"806\">We combine the power of visual storytelling with your brand\u2019s unique voice.<br>\nBecause sometimes, <strong>a single frame speaks louder than a thousand words.<\/strong><\/p><p class=\"\" data-start=\"808\" data-end=\"895\"><strong data-start=\"808\" data-end=\"895\">It\u2019s time to bring your brand to the screen. Create unforgettable videos with Ninova Media.<\/strong><\/p>\t\t\t\t\t\t\t\t<\/div>\n\t\t\t\t<\/div>\n\t\t\t\t<\/div>\n\t\t\t\t<\/div>\n\t\t\t\t<div class=\"elementor-element elementor-element-22429e86 elementor-widget elementor-widget-image\" data-id=\"22429e86\" data-element_type=\"widget\" data-widget_type=\"image.default\">\n\t\t\t\t<div class=\"elementor-widget-container\">\n\t\t\t\t\t\t\t\t\t\t\t\t\t\t\t<img fetchpriority=\"high\" decoding=\"async\" width=\"800\" height=\"800\" src=\"https:\/\/ninovamedya.com\/wp-content\/uploads\/2025\/05\/video-produksiyon.jpg\" class=\"attachment-large size-large wp-image-836\" alt=\"\" srcset=\"https:\/\/ninovamedya.com\/wp-content\/uploads\/2025\/05\/video-produksiyon.jpg 1024w, https:\/\/ninovamedya.com\/wp-content\/uploads\/2025\/05\/video-produksiyon-300x300.jpg 300w, https:\/\/ninovamedya.com\/wp-content\/uploads\/2025\/05\/video-produksiyon-150x150.jpg 150w, https:\/\/ninovamedya.com\/wp-content\/uploads\/2025\/05\/video-produksiyon-768x768.jpg 768w, https:\/\/ninovamedya.com\/wp-content\/uploads\/2025\/05\/video-produksiyon-12x12.jpg 12w, https:\/\/ninovamedya.com\/wp-content\/uploads\/2025\/05\/video-produksiyon-700x700.jpg 700w\" sizes=\"(max-width: 800px) 100vw, 800px\" \/>\t\t\t\t\t\t\t\t\t\t\t\t\t\t\t<\/div>\n\t\t\t\t<\/div>\n\t\t\t\t\t<\/div>\n\t\t\t\t<\/div>\n\t\t\t\t<\/div>","protected":false},"excerpt":{"rendered":"<p>Video Prod\u00fcksiyon \u2013 Hik\u00e2yeni G\u00f6rselle\u015ftir Ninova Medya, markalar\u0131n hik\u00e2yesini en etkileyici \u015fekilde anlatmalar\u0131 i\u00e7in yarat\u0131c\u0131 video prod\u00fcksiyon hizmetleri sunar. Kurumsal tan\u0131t\u0131m filmlerinden sosyal medya videolar\u0131na, reklam filmlerinden reels i\u00e7eriklerine kadar her projede profesyonel bir yakla\u015f\u0131m sergileriz. \ud83c\udfac Kurgu, \u00e7ekim ve post prod\u00fcksiyon hizmetleri\ud83d\udccd Mekan ve senaryo planlamas\u0131\ud83d\udcf1 Instagram, TikTok ve YouTube i\u00e7in dikey videolar\ud83d\udca1 Yarat\u0131c\u0131 [&hellip;]<\/p>","protected":false},"author":1,"featured_media":0,"parent":0,"menu_order":0,"comment_status":"closed","ping_status":"closed","template":"elementor_header_footer","meta":{"footnotes":""},"class_list":["post-97","page","type-page","status-publish","hentry"],"_links":{"self":[{"href":"http:\/\/ninovamedya.com\/en\/wp-json\/wp\/v2\/pages\/97","targetHints":{"allow":["GET"]}}],"collection":[{"href":"http:\/\/ninovamedya.com\/en\/wp-json\/wp\/v2\/pages"}],"about":[{"href":"http:\/\/ninovamedya.com\/en\/wp-json\/wp\/v2\/types\/page"}],"author":[{"embeddable":true,"href":"http:\/\/ninovamedya.com\/en\/wp-json\/wp\/v2\/users\/1"}],"replies":[{"embeddable":true,"href":"http:\/\/ninovamedya.com\/en\/wp-json\/wp\/v2\/comments?post=97"}],"version-history":[{"count":20,"href":"http:\/\/ninovamedya.com\/en\/wp-json\/wp\/v2\/pages\/97\/revisions"}],"predecessor-version":[{"id":848,"href":"http:\/\/ninovamedya.com\/en\/wp-json\/wp\/v2\/pages\/97\/revisions\/848"}],"wp:attachment":[{"href":"http:\/\/ninovamedya.com\/en\/wp-json\/wp\/v2\/media?parent=97"}],"curies":[{"name":"wp","href":"https:\/\/api.w.org\/{rel}","templated":true}]}}