{"id":440,"date":"2025-05-05T21:16:53","date_gmt":"2025-05-05T21:16:53","guid":{"rendered":"https:\/\/ninovamedya.com\/?page_id=440"},"modified":"2025-05-07T19:05:48","modified_gmt":"2025-05-07T19:05:48","slug":"dijital-danismanlik","status":"publish","type":"page","link":"http:\/\/ninovamedya.com\/en\/dijital-danismanlik\/","title":{"rendered":"Digital Consulting"},"content":{"rendered":"<div data-elementor-type=\"wp-page\" data-elementor-id=\"440\" class=\"elementor elementor-440\" data-elementor-post-type=\"page\">\n\t\t\t\t<div class=\"elementor-element elementor-element-e306fa4 e-flex e-con-boxed e-con e-parent\" data-id=\"e306fa4\" data-element_type=\"container\">\n\t\t\t\t\t<div class=\"e-con-inner\">\n\t\t\t\t<div class=\"elementor-element elementor-element-0f0d64d elementor-widget elementor-widget-spacer\" data-id=\"0f0d64d\" data-element_type=\"widget\" data-widget_type=\"spacer.default\">\n\t\t\t\t<div class=\"elementor-widget-container\">\n\t\t\t\t\t\t\t<div class=\"elementor-spacer\">\n\t\t\t<div class=\"elementor-spacer-inner\"><\/div>\n\t\t<\/div>\n\t\t\t\t\t\t<\/div>\n\t\t\t\t<\/div>\n\t\t\t\t\t<\/div>\n\t\t\t\t<\/div>\n\t\t<div class=\"elementor-element elementor-element-6b034cf0 e-flex e-con-boxed e-con e-parent\" data-id=\"6b034cf0\" data-element_type=\"container\">\n\t\t\t\t\t<div class=\"e-con-inner\">\n\t\t<div class=\"elementor-element elementor-element-40d3de83 e-con-full e-flex e-con e-child\" data-id=\"40d3de83\" data-element_type=\"container\">\n\t\t<div class=\"elementor-element elementor-element-52f71482 e-con-full e-flex e-con e-child\" data-id=\"52f71482\" data-element_type=\"container\">\n\t\t\t\t<div class=\"elementor-element elementor-element-433a7991 elementor-widget elementor-widget-heading\" data-id=\"433a7991\" data-element_type=\"widget\" data-widget_type=\"heading.default\">\n\t\t\t\t<div class=\"elementor-widget-container\">\n\t\t\t\t\t<h2 class=\"elementor-heading-title elementor-size-default\">Digital Consulting \u2013 Guiding You Through the Digital World<\/h2>\t\t\t\t<\/div>\n\t\t\t\t<\/div>\n\t\t\t\t<\/div>\n\t\t<div class=\"elementor-element elementor-element-4fd445d3 e-con-full e-flex e-con e-child\" data-id=\"4fd445d3\" data-element_type=\"container\">\n\t\t\t\t<div class=\"elementor-element elementor-element-47616702 elementor-widget elementor-widget-text-editor\" data-id=\"47616702\" data-element_type=\"widget\" data-widget_type=\"text-editor.default\">\n\t\t\t\t<div class=\"elementor-widget-container\">\n\t\t\t\t\t\t\t\t\t<p class=\"translation-block\" data-start=\"193\" data-end=\"411\"><strong>Ninova Media<\/strong> is your strategic partner in every step you take in the digital world.  \nFrom website setup to social media planning, from e-commerce processes to content strategies, we offer personalized guidance tailored to your needs.<\/p><p class=\"translation-block\" data-start=\"413\" data-end=\"692\"><ul style=\"padding-left: 0\">\n  <li>\ud83d\udcbc <strong>Creating a Custom Digital Strategy for Your Brand<\/strong><\/li>\n  <li>\ud83d\uded2 <strong>E-commerce Infrastructure and Sales Optimization<\/strong><\/li>\n  <li>\ud83d\udcf1 <strong>Guidance and Planning for Social Media Accounts<\/strong><\/li>\n  <li>\ud83c\udfaf <strong>Ad Budgeting and Targeting Consultancy<\/strong><\/li>\n  <li>\ud83d\udd27 <strong>Technical Setup, Plugin and System Support<\/strong><\/li>\n<\/ul><\/p><p class=\"translation-block\" data-start=\"694\" data-end=\"860\"><p>\n  We don\u2019t just give advice \u2014 we think with you, and we act with you.<br>\n  Because success in the digital world isn\u2019t just about knowing the tools; it\u2019s about building the right strategy.\n<\/p><\/p><p class=\"\" data-start=\"215\" data-end=\"475\">\u00a0<\/p><p class=\"\" data-start=\"862\" data-end=\"911\"><strong data-start=\"862\" data-end=\"911\">Grow with confidence in the digital world \u2014 with Ninova Media<\/strong><\/p>\t\t\t\t\t\t\t\t<\/div>\n\t\t\t\t<\/div>\n\t\t\t\t<\/div>\n\t\t\t\t<\/div>\n\t\t\t\t<div class=\"elementor-element elementor-element-52490cc4 elementor-widget elementor-widget-image\" data-id=\"52490cc4\" data-element_type=\"widget\" data-widget_type=\"image.default\">\n\t\t\t\t<div class=\"elementor-widget-container\">\n\t\t\t\t\t\t\t\t\t\t\t\t\t\t\t<img fetchpriority=\"high\" decoding=\"async\" width=\"800\" height=\"800\" src=\"https:\/\/ninovamedya.com\/wp-content\/uploads\/2025\/05\/ChatGPT-Image-7-May-2025-22_04_22.png\" class=\"attachment-large size-large wp-image-857\" alt=\"\" srcset=\"https:\/\/ninovamedya.com\/wp-content\/uploads\/2025\/05\/ChatGPT-Image-7-May-2025-22_04_22.png 1024w, https:\/\/ninovamedya.com\/wp-content\/uploads\/2025\/05\/ChatGPT-Image-7-May-2025-22_04_22-300x300.png 300w, https:\/\/ninovamedya.com\/wp-content\/uploads\/2025\/05\/ChatGPT-Image-7-May-2025-22_04_22-150x150.png 150w\" sizes=\"(max-width: 800px) 100vw, 800px\" \/>\t\t\t\t\t\t\t\t\t\t\t\t\t\t\t<\/div>\n\t\t\t\t<\/div>\n\t\t\t\t\t<\/div>\n\t\t\t\t<\/div>\n\t\t\t\t<\/div>","protected":false},"excerpt":{"rendered":"<p>Dijital Dan\u0131\u015fmanl\u0131k \u2013 Dijital Yolculu\u011funuzda Yan\u0131n\u0131zday\u0131z Ninova Medya, dijital d\u00fcnyada ataca\u011f\u0131n\u0131z her ad\u0131mda stratejik bir yol arkada\u015f\u0131d\u0131r. Web sitesi kurulumundan sosyal medya planlamas\u0131na, e-ticaret s\u00fcre\u00e7lerinden i\u00e7erik stratejilerine kadar size \u00f6zel rehberlik sunar\u0131z. \ud83d\udcbc Markan\u0131za \u00f6zel dijital strateji olu\u015fturma\ud83d\uded2 E-ticaret altyap\u0131s\u0131 ve sat\u0131\u015f optimizasyonu\ud83d\udcf1 Sosyal medya hesaplar\u0131 i\u00e7in y\u00f6nlendirme ve planlama\ud83c\udfaf Reklam b\u00fct\u00e7esi ve hedefleme dan\u0131\u015fmanl\u0131\u011f\u0131\ud83d\udd27 [&hellip;]<\/p>","protected":false},"author":1,"featured_media":0,"parent":0,"menu_order":0,"comment_status":"closed","ping_status":"closed","template":"elementor_header_footer","meta":{"footnotes":""},"class_list":["post-440","page","type-page","status-publish","hentry"],"_links":{"self":[{"href":"http:\/\/ninovamedya.com\/en\/wp-json\/wp\/v2\/pages\/440","targetHints":{"allow":["GET"]}}],"collection":[{"href":"http:\/\/ninovamedya.com\/en\/wp-json\/wp\/v2\/pages"}],"about":[{"href":"http:\/\/ninovamedya.com\/en\/wp-json\/wp\/v2\/types\/page"}],"author":[{"embeddable":true,"href":"http:\/\/ninovamedya.com\/en\/wp-json\/wp\/v2\/users\/1"}],"replies":[{"embeddable":true,"href":"http:\/\/ninovamedya.com\/en\/wp-json\/wp\/v2\/comments?post=440"}],"version-history":[{"count":10,"href":"http:\/\/ninovamedya.com\/en\/wp-json\/wp\/v2\/pages\/440\/revisions"}],"predecessor-version":[{"id":860,"href":"http:\/\/ninovamedya.com\/en\/wp-json\/wp\/v2\/pages\/440\/revisions\/860"}],"wp:attachment":[{"href":"http:\/\/ninovamedya.com\/en\/wp-json\/wp\/v2\/media?parent=440"}],"curies":[{"name":"wp","href":"https:\/\/api.w.org\/{rel}","templated":true}]}}